{"id":558,"date":"2024-06-02T13:12:45","date_gmt":"2024-06-02T13:12:45","guid":{"rendered":"http:\/\/fastwpdemo.com\/newwp\/udrive\/?page_id=558"},"modified":"2024-06-17T01:24:08","modified_gmt":"2024-06-17T01:24:08","slug":"mudanca-de-categoria-c-d-e","status":"publish","type":"page","link":"https:\/\/autoescolajb.com.br\/2024\/servicos\/mudanca-de-categoria-c-d-e\/","title":{"rendered":"Mudan\u00e7a de Categoria: C, D e E"},"content":{"rendered":"\t\t<div data-elementor-type=\"wp-page\" data-elementor-id=\"558\" class=\"elementor elementor-558\" data-elementor-post-type=\"page\">\n\t\t\t\t\t\t<section class=\"elementor-section elementor-top-section elementor-element elementor-element-0ba85d4 elementor-section-full_width elementor-section-height-default elementor-section-height-default\" data-id=\"0ba85d4\" data-element_type=\"section\">\n\t\t\t\t\t\t<div class=\"elementor-container elementor-column-gap-default\">\n\t\t\t\t\t<div class=\"elementor-column elementor-col-100 elementor-top-column elementor-element elementor-element-2ca88dd\" data-id=\"2ca88dd\" data-element_type=\"column\">\n\t\t\t<div class=\"elementor-widget-wrap elementor-element-populated\">\n\t\t\t\t\t\t<div class=\"elementor-element elementor-element-d3e2ac8 elementor-widget elementor-widget-udrive_service_detail\" data-id=\"d3e2ac8\" data-element_type=\"widget\" data-widget_type=\"udrive_service_detail.default\">\n\t\t\t\t<div class=\"elementor-widget-container\">\n\t\t\t\t\t\n        <!-- service-details -->\n        <section class=\"service-details\">\n            <div class=\"auto-container\">\n                <div class=\"row clearfix\">\n                    <div class=\"content-side col-lg-9 col-md-12 col-sm-12\">\n                        <div class=\"service-details-content\">\n                            <div class=\"content-one\">\n                                                                <div class=\"upper-text\">\n                                    <p>Motorista habilitado na categoria B (ou C ou D) que deseja conduzir ve\u00edculos que exijam habilita\u00e7\u00e3o espec\u00edfica (categorias C, D ou E).<\/p>\n                                <\/div>\n                                                                <div class=\"two-column\">\n                                    <div class=\"row clearfix\">\n                                        <div class=\"col-lg-5 col-md-12 col-sm-12 text-column\">\n                                                                                        <div class=\"text\">\n                                               <h2>DIFERENCIAS DA AUTO ESCOLA JB<\/h2>                                                <p>\n<p>\u25ba Instrutores capacitados, experientes e com curso peri\u00f3dico de reciclagem;<\/p>\n<p>\u25ba Plano de aula pr\u00e9 estabelecido;<\/p>\n<p>\u25ba Alto \u00edndice de aprova\u00e7\u00e3o;<\/p>\n<p>\u25ba Frota nova, moderna, com ar condicionado e dire\u00e7\u00e3o hidr\u00e1ulica;<\/p>\n<p>\u25ba Outras condi\u00e7\u00f5es de pagamento;<\/p><\/p>                                             <\/div>\n                                                                                     <\/div>\n                                        <div class=\"col-lg-7 col-md-12 col-sm-12 inner-column\">\n                                            <div class=\"inner-box\">\n                                               \t                                                  <div class=\"single-item\">\n                                                    <div class=\"icon-box\"><i class=\"flaticon-right-arrow-1\"><\/i><\/div>\n                                                    <h4>Categoria C:<\/h4>\n                                                    <p>Permite dirigir todos os ve\u00edculos da categoria B, tratores, m\u00e1quinas agr\u00edcolas e ve\u00edculos de carga. Com mais de 3500 kg de peso bruto total com ou sem reboque, desde que o reboque pese menos de 6000 kg de peso bruto total. N\u00e3o permite dirigir motos, triciclos e ve\u00edculos de passageiros com mais de 9 lugares, incluindo o do condutor.<\/p>\n                                                <\/div>\n                                                                                                 <div class=\"single-item\">\n                                                    <div class=\"icon-box\"><i class=\"flaticon-right-arrow-1\"><\/i><\/div>\n                                                    <h4>Categoria D:<\/h4>\n                                                    <p>Permite dirigir todos os ve\u00edculos das categorias B e C e ve\u00edculos de passageiros sem reboque com lota\u00e7\u00e3o maior que 8 pessoas. N\u00e3o permite dirigir motos, triciclos e ve\u00edculos cujo reboque pese mais de 6.000 kg de PBT ou possua reboque com lota\u00e7\u00e3o maior que 8 pessoas.<\/p>\n                                                <\/div>\n                                                                                                 <div class=\"single-item\">\n                                                    <div class=\"icon-box\"><i class=\"flaticon-right-arrow-1\"><\/i><\/div>\n                                                    <h4>Categoria E:<\/h4>\n                                                    <p>Permite conduzir todos os ve\u00edculos das categorias B, C e D, trailers e ve\u00edculos rebocando unidades com mais de 6.000 kg de PBT ou lota\u00e7\u00e3o maior que 8 passageiros. \u00c9 a \u00fanica categoria que permite conduzir ve\u00edculos com mais de um reboque. N\u00e3o permite dirigir motos, triciclos, ciclomotores.<\/p>\n                                                <\/div>\n                                                                                            <\/div>\n                                        <\/div>\n                                    <\/div>\n                                <\/div>\n                            <\/div>\n                                                        <figure class=\"image-box\"><img decoding=\"async\" src=\"https:\/\/autoescolajb.com.br\/2024\/wp-content\/uploads\/2022\/06\/service-17.jpg\" alt=\"Awesome Image\"><\/figure>\n                           \t                            <div class=\"content-two\">\n                            \t                                <div class=\"text\">\n                                    <h2>DOCUMENTOS NECESS\u00c1RIOS<\/h2>                                    <p>Para tirar sua primeira CNH - Carteira Nacional de Habilita\u00e7\u00e3o, voc\u00ea vai precisar dos seguintes requisitos e documentos:<\/p>                                <\/div>\n                                                                <div class=\"row clearfix\">\n                                   \t                                    <div class=\"col-lg-4 col-md-6 col-sm-12 single-column\">\n                                        <div class=\"single-item\">\n                                            <div class=\"icon-box\"><i class=\"flaticon-checkbox-mark\"><\/i><\/div>\n                                            <h5>Carteira de Identidade (RG);<\/h5>\n                                            <p><\/p>\n                                        <\/div>    \n                                    <\/div>\n                                                                        <div class=\"col-lg-4 col-md-6 col-sm-12 single-column\">\n                                        <div class=\"single-item\">\n                                            <div class=\"icon-box\"><i class=\"flaticon-checkbox-mark\"><\/i><\/div>\n                                            <h5>Cadastro de Pessoa F\u00edsica (CPF);<\/h5>\n                                            <p><\/p>\n                                        <\/div>    \n                                    <\/div>\n                                                                        <div class=\"col-lg-4 col-md-6 col-sm-12 single-column\">\n                                        <div class=\"single-item\">\n                                            <div class=\"icon-box\"><i class=\"flaticon-checkbox-mark\"><\/i><\/div>\n                                            <h5>Comprovante ORIGINAL de endere\u00e7o em seu nome ou de seus pais.<\/h5>\n                                            <p>Conta de luz, \u00e1gua, banco, telefone fixo ou celular.<\/p>\n                                        <\/div>    \n                                    <\/div>\n                                                                    <\/div>\n                                <div class=\"inner-box\">\n                                                                        <div class=\"download-option\">\n                                        <div class=\"icon-box\"><img decoding=\"async\" src=\"https:\/\/autoescolajb.com.br\/2024\/wp-content\/themes\/udrive\/assets\/images\/icons\/icon-52.png\" alt=\"Awesome Image\"><\/div>\n                                        <h4>Novo C\u00f3digo Nacional de Tr\u00e2nsito<\/h4>                                        <span>[form 4] pdf.4mb<\/span>                                    <\/div>\n                                                                                                            <div class=\"btn-box\">\n                                        <a href=\"#\" class=\"theme-btn btn-five\">Download<\/a>\n                                    <\/div>\n                                                                    <\/div>\n                            <\/div>\n                            <div class=\"content-three\">\n                               \n                                                                <div class=\"text\">\n                                    <h2>Outros Servi\u00e7os<\/h2>\n                                    <p>Voc\u00ea tamb\u00e9m pode estar precisando de:<\/p>\n                                <\/div>\n                                                                <div class=\"tabs-box\">\n                                    <div class=\"tab-btn-box\">\n                                        <ul class=\"tab-btns tab-buttons clearfix\">\n                                             \n                                            <li class=\"tab-btn active-btn\" data-tab=\"#tab-0\"><h4>Adi\u00e7\u00e3o de Categoria<\/h4><\/li>\n                                            \n                                            <li class=\"tab-btn \" data-tab=\"#tab-1\"><h4>Primeira Habilita\u00e7\u00e3o<\/h4><\/li>\n                                            \n                                        <\/ul>\n                                    <\/div>\n                                    <div class=\"tabs-content\">\n                                                                                 <div class=\"tab active-tab\" id=\"tab-0\">\n                                            <div class=\"content-inner\">\n                                                <p><p>Categoria A<\/p>\n<p>Pode conduzir ve\u00edculos de 2 ou 3 rodas, com ou sem carro lateral, como motociclistas, ciclomotores, motonetas, triciclos. N\u00e3o permite dirigir nenhum outro tipo de ve\u00edculo.<\/p>\n<p>Categoria B<\/p>\n<p>Pode conduzir ve\u00edculos com ou sem reboque, com peso bruto total de 3500kg e lota\u00e7\u00e3o m\u00e1xima de 8 pessoas, fora o condutor. N\u00e3o permite dirigir motos e triciclos, ve\u00edculos com mais de 3500kg de peso bruto total ou com mais de 9 lugares, incluindo o do condutor.<\/p><\/p>\n                                            <\/div>\n                                        <\/div>\n                                                                                <div class=\"tab \" id=\"tab-1\">\n                                            <div class=\"content-inner\">\n                                                <p><p>Ao tirar sua CNH, voc\u00ea n\u00e3o ficar\u00e1 dependendo de outras pessoas ou do transporte p\u00fablico, mesmo para quem n\u00e3o tem ve\u00edculo, a CARTEIRA DE NACIONAL DE HABILITA\u00c7\u00c3O \u2013 CNH \u00e9 \u00fatil e importante.<\/p>\n<p>Se voc\u00ea tem 18 anos, j\u00e1 pode tirar sua CNH.<\/p><\/p>\n                                            <\/div>\n                                        <\/div>\n                                                                            <\/div>\n                                <\/div>\n                            <\/div>\n                        <\/div>\n                    <\/div>\n                                        <div class=\"col-lg-3 col-md-12 col-sm-12 sidebar-side\">\n                        <div class=\"service-sidebar\">\n                            <div id=\"nav_menu-7\" class=\"service-widget widget_nav_menu\"><h4 class=\"main-title\">Our Services<\/h4><div class=\"menu-essential-links-container\"><ul id=\"menu-essential-links\" class=\"menu\"><li id=\"menu-item-918\" class=\"menu-item menu-item-type-post_type menu-item-object-page menu-item-918\"><a href=\"https:\/\/autoescolajb.com.br\/2024\/servicos\/adicao-de-categoria\/\">Adi\u00e7\u00e3o de Categoria<\/a><\/li>\n<li id=\"menu-item-919\" class=\"menu-item menu-item-type-post_type menu-item-object-page menu-item-919\"><a href=\"https:\/\/autoescolajb.com.br\/2024\/servicos\/primeira-abilitacao-carro-ou-moto\/\">Primeira Habilita\u00e7\u00e3o: CARRO ou MOTO<\/a><\/li>\n<li id=\"menu-item-922\" class=\"menu-item menu-item-type-post_type menu-item-object-page menu-item-922\"><a href=\"https:\/\/autoescolajb.com.br\/2024\/treinamento-de-moto\/\">Treinamento de moto<\/a><\/li>\n<li id=\"menu-item-923\" class=\"menu-item menu-item-type-post_type menu-item-object-page menu-item-923\"><a href=\"https:\/\/autoescolajb.com.br\/2024\/servicos\/mudanca-de-categoria-c-d-e\/\">Mudan\u00e7a de Categoria: C, D e E<\/a><\/li>\n<\/ul><\/div><\/div><div id=\"udrive_quick_contact-1\" class=\"service-widget widget_udrive_quick_contact\">      \t\t\n            <div class=\"contact-widget\">\n                <div class=\"shape\" style=\"background-image: url(https:\/\/autoescolajb.com.br\/2024\/wp-content\/themes\/udrive\/assets\/images\/shape\/shape-97.png);\"><\/div>\n                <h4>Ready for Safe and Fun Driving Experience?.<\/h4>\n                <p>Teaching to take control.<\/p>\n                <div class=\"btn-box\">\n                    <a href=\"http:\/\/fastwpdemo.com\/newwp\/udrive\/contact\/\" class=\"theme-btn\">Contact Us<\/a>\n                <\/div>\n                <figure class=\"image-box\"><img decoding=\"async\" src=\"http:\/\/fastwpdemo.com\/newwp\/udrive\/wp-content\/uploads\/2022\/06\/sidebar-1.jpg\" alt=\"Awesome Image\"><\/figure>            <\/div>\n\t\t\t           \n        <\/div>                        <\/div>\n                    <\/div>\n                                    <\/div>\n            <\/div>\n        <\/section>\n        <!-- service-details end -->\n                  \n        \t\t<\/div>\n\t\t\t\t<\/div>\n\t\t\t\t\t<\/div>\n\t\t<\/div>\n\t\t\t\t\t<\/div>\n\t\t<\/section>\n\t\t\t\t<\/div>\n\t\t","protected":false},"excerpt":{"rendered":"<p>Motorista habilitado na categoria B (ou C ou D) que deseja conduzir ve\u00edculos que exijam habilita\u00e7\u00e3o espec\u00edfica (categorias C, D ou E). DIFERENCIAS DA AUTO ESCOLA JB \u25ba Instrutores capacitados, experientes e com curso peri\u00f3dico de reciclagem; \u25ba Plano de aula pr\u00e9 estabelecido; \u25ba Alto \u00edndice de aprova\u00e7\u00e3o; \u25ba Frota nova, moderna, com ar condicionado [&hellip;]<\/p>\n","protected":false},"author":1,"featured_media":0,"parent":541,"menu_order":0,"comment_status":"closed","ping_status":"closed","template":"tpl-default-elementor.php","meta":{"footnotes":""},"class_list":["post-558","page","type-page","status-publish","hentry"],"_links":{"self":[{"href":"https:\/\/autoescolajb.com.br\/2024\/wp-json\/wp\/v2\/pages\/558","targetHints":{"allow":["GET"]}}],"collection":[{"href":"https:\/\/autoescolajb.com.br\/2024\/wp-json\/wp\/v2\/pages"}],"about":[{"href":"https:\/\/autoescolajb.com.br\/2024\/wp-json\/wp\/v2\/types\/page"}],"author":[{"embeddable":true,"href":"https:\/\/autoescolajb.com.br\/2024\/wp-json\/wp\/v2\/users\/1"}],"replies":[{"embeddable":true,"href":"https:\/\/autoescolajb.com.br\/2024\/wp-json\/wp\/v2\/comments?post=558"}],"version-history":[{"count":46,"href":"https:\/\/autoescolajb.com.br\/2024\/wp-json\/wp\/v2\/pages\/558\/revisions"}],"predecessor-version":[{"id":1848,"href":"https:\/\/autoescolajb.com.br\/2024\/wp-json\/wp\/v2\/pages\/558\/revisions\/1848"}],"up":[{"embeddable":true,"href":"https:\/\/autoescolajb.com.br\/2024\/wp-json\/wp\/v2\/pages\/541"}],"wp:attachment":[{"href":"https:\/\/autoescolajb.com.br\/2024\/wp-json\/wp\/v2\/media?parent=558"}],"curies":[{"name":"wp","href":"https:\/\/api.w.org\/{rel}","templated":true}]}}