{"id":553,"date":"2024-06-02T13:08:05","date_gmt":"2024-06-02T13:08:05","guid":{"rendered":"http:\/\/fastwpdemo.com\/newwp\/udrive\/?page_id=553"},"modified":"2024-06-17T01:15:47","modified_gmt":"2024-06-17T01:15:47","slug":"adicao-de-categoria","status":"publish","type":"page","link":"https:\/\/autoescolajb.com.br\/2024\/servicos\/adicao-de-categoria\/","title":{"rendered":"Adi\u00e7\u00e3o de Categoria"},"content":{"rendered":"\t\t<div data-elementor-type=\"wp-page\" data-elementor-id=\"553\" class=\"elementor elementor-553\" data-elementor-post-type=\"page\">\n\t\t\t\t\t\t<section class=\"elementor-section elementor-top-section elementor-element elementor-element-c3d2642 elementor-section-full_width elementor-section-height-default elementor-section-height-default\" data-id=\"c3d2642\" data-element_type=\"section\">\n\t\t\t\t\t\t<div class=\"elementor-container elementor-column-gap-default\">\n\t\t\t\t\t<div class=\"elementor-column elementor-col-100 elementor-top-column elementor-element elementor-element-111f973\" data-id=\"111f973\" data-element_type=\"column\">\n\t\t\t<div class=\"elementor-widget-wrap elementor-element-populated\">\n\t\t\t\t\t\t<div class=\"elementor-element elementor-element-49a0f13 elementor-widget elementor-widget-udrive_service_detail\" data-id=\"49a0f13\" data-element_type=\"widget\" data-widget_type=\"udrive_service_detail.default\">\n\t\t\t\t<div class=\"elementor-widget-container\">\n\t\t\t\t\t\n        <!-- service-details -->\n        <section class=\"service-details\">\n            <div class=\"auto-container\">\n                <div class=\"row clearfix\">\n                    <div class=\"content-side col-lg-9 col-md-12 col-sm-12\">\n                        <div class=\"service-details-content\">\n                            <div class=\"content-one\">\n                                                                <div class=\"upper-text\">\n                                    <p> Pessoas que j\u00e1 possuem a primeira habilita\u00e7\u00e3o e querem adicionar mais uma categoria a sua CNH, tornando-se assim, habilitado para dirigir Motos e ve\u00edculos. <\/p>\n                                <\/div>\n                                                                <div class=\"two-column\">\n                                    <div class=\"row clearfix\">\n                                        <div class=\"col-lg-5 col-md-12 col-sm-12 text-column\">\n                                                                                        <div class=\"text\">\n                                               <h2>Categoria A:<\/h2>                                                <p><p>EXIG\u00caNCIAS<\/p>\n<p>\u25ba Realizar pr\u00e9-cadastro no Detran;<\/p>\n<p>\u25ba Ser aprovado em exame de aptid\u00e3o f\u00edsica e mental;<\/p>\n<p>\u25ba Realizar curso pr\u00e1tico de 15 aulas e teste de dire\u00e7\u00e3o veicular na categoria pretendida).<\/p><\/p>                                             <\/div>\n                                                                                     <\/div>\n                                        <div class=\"col-lg-7 col-md-12 col-sm-12 inner-column\">\n                                            <div class=\"inner-box\">\n                                               \t                                                  <div class=\"single-item\">\n                                                    <div class=\"icon-box\"><i class=\"flaticon-right-arrow-1\"><\/i><\/div>\n                                                    <h4>Pode conduzir ve\u00edculos de 2 ou 3 rodas, com ou sem carro lateral, como motociclistas, ciclomotores, motonetas, triciclos. N\u00e3o permite dirigir nenhum outro tipo de ve\u00edculo.<\/h4>\n                                                    <p><\/p>\n                                                <\/div>\n                                                                                            <\/div>\n                                        <\/div>\n                                    <\/div>\n                                <\/div>\n                            <\/div>\n                                                        <div class=\"content-two\">\n                            \t                                <div class=\"text\">\n                                    <h2>DOCUMENTOS NECESS\u00c1RIOS<\/h2>                                    <p>Para adicionar uma categoria na sua CNH - Carteira Nacional de Habilita\u00e7\u00e3o, voc\u00ea vai precisar dos seguintes requisitos e documentos:<\/p>                                <\/div>\n                                                                <div class=\"row clearfix\">\n                                   \t                                    <div class=\"col-lg-4 col-md-6 col-sm-12 single-column\">\n                                        <div class=\"single-item\">\n                                            <div class=\"icon-box\"><i class=\"flaticon-checkbox-mark\"><\/i><\/div>\n                                            <h5>Carteira de Identidade (RG);<\/h5>\n                                            <p><\/p>\n                                        <\/div>    \n                                    <\/div>\n                                                                        <div class=\"col-lg-4 col-md-6 col-sm-12 single-column\">\n                                        <div class=\"single-item\">\n                                            <div class=\"icon-box\"><i class=\"flaticon-checkbox-mark\"><\/i><\/div>\n                                            <h5>Cadastro de Pessoa F\u00edsica (CPF);<\/h5>\n                                            <p><\/p>\n                                        <\/div>    \n                                    <\/div>\n                                                                        <div class=\"col-lg-4 col-md-6 col-sm-12 single-column\">\n                                        <div class=\"single-item\">\n                                            <div class=\"icon-box\"><i class=\"flaticon-checkbox-mark\"><\/i><\/div>\n                                            <h5>CNH (Carteira Nacional de Habilita\u00e7\u00e3o);<\/h5>\n                                            <p><\/p>\n                                        <\/div>    \n                                    <\/div>\n                                                                        <div class=\"col-lg-4 col-md-6 col-sm-12 single-column\">\n                                        <div class=\"single-item\">\n                                            <div class=\"icon-box\"><i class=\"flaticon-checkbox-mark\"><\/i><\/div>\n                                            <h5>Comprovante de resid\u00eancia<\/h5>\n                                            <p>Conta de luz, \u00e1gua, banco, telefone fixo ou celular.<\/p>\n                                        <\/div>    \n                                    <\/div>\n                                                                    <\/div>\n                                <div class=\"inner-box\">\n                                                                                                        <\/div>\n                            <\/div>\n                            <div class=\"content-three\">\n                               \n                                                                <div class=\"tabs-box\">\n                                    <div class=\"tab-btn-box\">\n                                        <ul class=\"tab-btns tab-buttons clearfix\">\n                                             \n                                            <li class=\"tab-btn active-btn\" data-tab=\"#tab-0\"><h4><\/h4><\/li>\n                                            \n                                        <\/ul>\n                                    <\/div>\n                                    <div class=\"tabs-content\">\n                                                                                 <div class=\"tab active-tab\" id=\"tab-0\">\n                                            <div class=\"content-inner\">\n                                                <p><\/p>\n                                            <\/div>\n                                        <\/div>\n                                                                            <\/div>\n                                <\/div>\n                            <\/div>\n                        <\/div>\n                    <\/div>\n                                        <div class=\"col-lg-3 col-md-12 col-sm-12 sidebar-side\">\n                        <div class=\"service-sidebar\">\n                            <div id=\"nav_menu-7\" class=\"service-widget widget_nav_menu\"><h4 class=\"main-title\">Our Services<\/h4><div class=\"menu-essential-links-container\"><ul id=\"menu-essential-links\" class=\"menu\"><li id=\"menu-item-918\" class=\"menu-item menu-item-type-post_type menu-item-object-page menu-item-918\"><a href=\"https:\/\/autoescolajb.com.br\/2024\/servicos\/adicao-de-categoria\/\">Adi\u00e7\u00e3o de Categoria<\/a><\/li>\n<li id=\"menu-item-919\" class=\"menu-item menu-item-type-post_type menu-item-object-page menu-item-919\"><a href=\"https:\/\/autoescolajb.com.br\/2024\/servicos\/primeira-abilitacao-carro-ou-moto\/\">Primeira Habilita\u00e7\u00e3o: CARRO ou MOTO<\/a><\/li>\n<li id=\"menu-item-922\" class=\"menu-item menu-item-type-post_type menu-item-object-page menu-item-922\"><a href=\"https:\/\/autoescolajb.com.br\/2024\/treinamento-de-moto\/\">Treinamento de moto<\/a><\/li>\n<li id=\"menu-item-923\" class=\"menu-item menu-item-type-post_type menu-item-object-page menu-item-923\"><a href=\"https:\/\/autoescolajb.com.br\/2024\/servicos\/mudanca-de-categoria-c-d-e\/\">Mudan\u00e7a de Categoria: C, D e E<\/a><\/li>\n<\/ul><\/div><\/div><div id=\"udrive_quick_contact-1\" class=\"service-widget widget_udrive_quick_contact\">      \t\t\n            <div class=\"contact-widget\">\n                <div class=\"shape\" style=\"background-image: url(https:\/\/autoescolajb.com.br\/2024\/wp-content\/themes\/udrive\/assets\/images\/shape\/shape-97.png);\"><\/div>\n                <h4>Ready for Safe and Fun Driving Experience?.<\/h4>\n                <p>Teaching to take control.<\/p>\n                <div class=\"btn-box\">\n                    <a href=\"http:\/\/fastwpdemo.com\/newwp\/udrive\/contact\/\" class=\"theme-btn\">Contact Us<\/a>\n                <\/div>\n                <figure class=\"image-box\"><img decoding=\"async\" src=\"http:\/\/fastwpdemo.com\/newwp\/udrive\/wp-content\/uploads\/2022\/06\/sidebar-1.jpg\" alt=\"Awesome Image\"><\/figure>            <\/div>\n\t\t\t           \n        <\/div>                        <\/div>\n                    <\/div>\n                                    <\/div>\n            <\/div>\n        <\/section>\n        <!-- service-details end -->\n                  \n        \t\t<\/div>\n\t\t\t\t<\/div>\n\t\t\t\t<div class=\"elementor-element elementor-element-2ddb824 elementor-widget elementor-widget-udrive_service_detail\" data-id=\"2ddb824\" data-element_type=\"widget\" data-widget_type=\"udrive_service_detail.default\">\n\t\t\t\t<div class=\"elementor-widget-container\">\n\t\t\t\t\t\n        <!-- service-details -->\n        <section class=\"service-details\">\n            <div class=\"auto-container\">\n                <div class=\"row clearfix\">\n                    <div class=\"content-side col-lg-9 col-md-12 col-sm-12\">\n                        <div class=\"service-details-content\">\n                            <div class=\"content-one\">\n                                                                <div class=\"two-column\">\n                                    <div class=\"row clearfix\">\n                                        <div class=\"col-lg-5 col-md-12 col-sm-12 text-column\">\n                                                                                        <div class=\"text\">\n                                               <h2>Categoria B:<\/h2>                                                                                            <\/div>\n                                                                                     <\/div>\n                                        <div class=\"col-lg-7 col-md-12 col-sm-12 inner-column\">\n                                            <div class=\"inner-box\">\n                                               \t                                                  <div class=\"single-item\">\n                                                    <div class=\"icon-box\"><i class=\"flaticon-right-arrow-1\"><\/i><\/div>\n                                                    <h4>Pode conduzir ve\u00edculos com ou sem reboque, com peso bruto total de 3500kg e lota\u00e7\u00e3o m\u00e1xima de 8 pessoas, fora o condutor. N\u00e3o permite dirigir motos e triciclos, ve\u00edculos com mais de 3500kg de peso bruto total ou com mais de 9 lugares, incluindo o do condutor.<\/h4>\n                                                    <p><\/p>\n                                                <\/div>\n                                                                                            <\/div>\n                                        <\/div>\n                                    <\/div>\n                                <\/div>\n                            <\/div>\n                                                        <div class=\"content-two\">\n                            \t                                <div class=\"text\">\n                                    <h2>DOCUMENTOS NECESS\u00c1RIOS<\/h2>                                    <p>Para adicionar uma categoria na sua CNH - Carteira Nacional de Habilita\u00e7\u00e3o, voc\u00ea vai precisar dos seguintes requisitos e documentos:<\/p>                                <\/div>\n                                                                <div class=\"row clearfix\">\n                                   \t                                    <div class=\"col-lg-4 col-md-6 col-sm-12 single-column\">\n                                        <div class=\"single-item\">\n                                            <div class=\"icon-box\"><i class=\"flaticon-checkbox-mark\"><\/i><\/div>\n                                            <h5>Carteira de Identidade (RG)<\/h5>\n                                            <p><\/p>\n                                        <\/div>    \n                                    <\/div>\n                                                                        <div class=\"col-lg-4 col-md-6 col-sm-12 single-column\">\n                                        <div class=\"single-item\">\n                                            <div class=\"icon-box\"><i class=\"flaticon-checkbox-mark\"><\/i><\/div>\n                                            <h5>Cadastro de Pessoa F\u00edsica (CPF)<\/h5>\n                                            <p><\/p>\n                                        <\/div>    \n                                    <\/div>\n                                                                        <div class=\"col-lg-4 col-md-6 col-sm-12 single-column\">\n                                        <div class=\"single-item\">\n                                            <div class=\"icon-box\"><i class=\"flaticon-checkbox-mark\"><\/i><\/div>\n                                            <h5>CNH (Carteira Nacional de Habilita\u00e7\u00e3o)<\/h5>\n                                            <p>Aliquam eget elementum <\/p>\n                                        <\/div>    \n                                    <\/div>\n                                                                        <div class=\"col-lg-4 col-md-6 col-sm-12 single-column\">\n                                        <div class=\"single-item\">\n                                            <div class=\"icon-box\"><i class=\"flaticon-checkbox-mark\"><\/i><\/div>\n                                            <h5>Comprovante de resid\u00eancia<\/h5>\n                                            <p>Conta de luz, \u00e1gua, banco, telefone fixo ou celular<\/p>\n                                        <\/div>    \n                                    <\/div>\n                                                                    <\/div>\n                                <div class=\"inner-box\">\n                                                                        <div class=\"download-option\">\n                                        <div class=\"icon-box\"><img decoding=\"async\" src=\"https:\/\/autoescolajb.com.br\/2024\/wp-content\/themes\/udrive\/assets\/images\/icons\/icon-52.png\" alt=\"Awesome Image\"><\/div>\n                                        <h4>Novo C\u00f3digo de Tr\u00e2nsito<\/h4>                                        <span>[form 4] pdf.4mb<\/span>                                    <\/div>\n                                                                                                            <div class=\"btn-box\">\n                                        <a href=\"#\" class=\"theme-btn btn-five\">Download<\/a>\n                                    <\/div>\n                                                                    <\/div>\n                            <\/div>\n                            <div class=\"content-three\">\n                               \n                                                                <div class=\"text\">\n                                    <h2>Outros Servi\u00e7os<\/h2>\n                                    <p>Voc\u00ea tamb\u00e9m pode estar precisando de:<\/p>\n                                <\/div>\n                                                                <div class=\"tabs-box\">\n                                    <div class=\"tab-btn-box\">\n                                        <ul class=\"tab-btns tab-buttons clearfix\">\n                                             \n                                            <li class=\"tab-btn active-btn\" data-tab=\"#tab-0\"><h4>Medo de Dirigir<\/h4><\/li>\n                                            \n                                            <li class=\"tab-btn \" data-tab=\"#tab-1\"><h4>Adi\u00e7\u00e3o de Categoria<\/h4><\/li>\n                                            \n                                        <\/ul>\n                                    <\/div>\n                                    <div class=\"tabs-content\">\n                                                                                 <div class=\"tab active-tab\" id=\"tab-0\">\n                                            <div class=\"content-inner\">\n                                                <p>Cada aula pr\u00e1tica tem dura\u00e7\u00e3o de 45 minutos e s\u00e3o realizadas em nossos ve\u00edculos novos e modernos \u00a0e com dire\u00e7\u00e3o hidr\u00e1ulica e ar condicionado.<\/p>\n                                            <\/div>\n                                        <\/div>\n                                                                                <div class=\"tab \" id=\"tab-1\">\n                                            <div class=\"content-inner\">\n                                                <p><p>Categoria A<\/p>\n<p>Pode conduzir ve\u00edculos de 2 ou 3 rodas, com ou sem carro lateral, como motociclistas, ciclomotores, motonetas, triciclos. N\u00e3o permite dirigir nenhum outro tipo de ve\u00edculo.<\/p>\n<p>Categoria B<\/p>\n<p>Pode conduzir ve\u00edculos com ou sem reboque, com peso bruto total de 3500kg e lota\u00e7\u00e3o m\u00e1xima de 8 pessoas, fora o condutor. N\u00e3o permite dirigir motos e triciclos, ve\u00edculos com mais de 3500kg de peso bruto total ou com mais de 9 lugares, incluindo o do condutor.<\/p><\/p>\n                                            <\/div>\n                                        <\/div>\n                                                                            <\/div>\n                                <\/div>\n                            <\/div>\n                        <\/div>\n                    <\/div>\n                                        <div class=\"col-lg-3 col-md-12 col-sm-12 sidebar-side\">\n                        <div class=\"service-sidebar\">\n                            <div id=\"nav_menu-7\" class=\"service-widget widget_nav_menu\"><h4 class=\"main-title\">Our Services<\/h4><div class=\"menu-essential-links-container\"><ul id=\"menu-essential-links-1\" class=\"menu\"><li class=\"menu-item menu-item-type-post_type menu-item-object-page menu-item-918\"><a href=\"https:\/\/autoescolajb.com.br\/2024\/servicos\/adicao-de-categoria\/\">Adi\u00e7\u00e3o de Categoria<\/a><\/li>\n<li class=\"menu-item menu-item-type-post_type menu-item-object-page menu-item-919\"><a href=\"https:\/\/autoescolajb.com.br\/2024\/servicos\/primeira-abilitacao-carro-ou-moto\/\">Primeira Habilita\u00e7\u00e3o: CARRO ou MOTO<\/a><\/li>\n<li class=\"menu-item menu-item-type-post_type menu-item-object-page menu-item-922\"><a href=\"https:\/\/autoescolajb.com.br\/2024\/treinamento-de-moto\/\">Treinamento de moto<\/a><\/li>\n<li class=\"menu-item menu-item-type-post_type menu-item-object-page menu-item-923\"><a href=\"https:\/\/autoescolajb.com.br\/2024\/servicos\/mudanca-de-categoria-c-d-e\/\">Mudan\u00e7a de Categoria: C, D e E<\/a><\/li>\n<\/ul><\/div><\/div><div id=\"udrive_quick_contact-1\" class=\"service-widget widget_udrive_quick_contact\">      \t\t\n            <div class=\"contact-widget\">\n                <div class=\"shape\" style=\"background-image: url(https:\/\/autoescolajb.com.br\/2024\/wp-content\/themes\/udrive\/assets\/images\/shape\/shape-97.png);\"><\/div>\n                <h4>Ready for Safe and Fun Driving Experience?.<\/h4>\n                <p>Teaching to take control.<\/p>\n                <div class=\"btn-box\">\n                    <a href=\"http:\/\/fastwpdemo.com\/newwp\/udrive\/contact\/\" class=\"theme-btn\">Contact Us<\/a>\n                <\/div>\n                <figure class=\"image-box\"><img decoding=\"async\" src=\"http:\/\/fastwpdemo.com\/newwp\/udrive\/wp-content\/uploads\/2022\/06\/sidebar-1.jpg\" alt=\"Awesome Image\"><\/figure>            <\/div>\n\t\t\t           \n        <\/div>                        <\/div>\n                    <\/div>\n                                    <\/div>\n            <\/div>\n        <\/section>\n        <!-- service-details end -->\n                  \n        \t\t<\/div>\n\t\t\t\t<\/div>\n\t\t\t\t\t<\/div>\n\t\t<\/div>\n\t\t\t\t\t<\/div>\n\t\t<\/section>\n\t\t\t\t<\/div>\n\t\t","protected":false},"excerpt":{"rendered":"<p>Pessoas que j\u00e1 possuem a primeira habilita\u00e7\u00e3o e querem adicionar mais uma categoria a sua CNH, tornando-se assim, habilitado para dirigir Motos e ve\u00edculos. Categoria A: EXIG\u00caNCIAS \u25ba Realizar pr\u00e9-cadastro no Detran; \u25ba Ser aprovado em exame de aptid\u00e3o f\u00edsica e mental; \u25ba Realizar curso pr\u00e1tico de 15 aulas e teste de dire\u00e7\u00e3o veicular na [&hellip;]<\/p>\n","protected":false},"author":1,"featured_media":0,"parent":541,"menu_order":0,"comment_status":"closed","ping_status":"closed","template":"tpl-default-elementor.php","meta":{"footnotes":""},"class_list":["post-553","page","type-page","status-publish","hentry"],"_links":{"self":[{"href":"https:\/\/autoescolajb.com.br\/2024\/wp-json\/wp\/v2\/pages\/553","targetHints":{"allow":["GET"]}}],"collection":[{"href":"https:\/\/autoescolajb.com.br\/2024\/wp-json\/wp\/v2\/pages"}],"about":[{"href":"https:\/\/autoescolajb.com.br\/2024\/wp-json\/wp\/v2\/types\/page"}],"author":[{"embeddable":true,"href":"https:\/\/autoescolajb.com.br\/2024\/wp-json\/wp\/v2\/users\/1"}],"replies":[{"embeddable":true,"href":"https:\/\/autoescolajb.com.br\/2024\/wp-json\/wp\/v2\/comments?post=553"}],"version-history":[{"count":36,"href":"https:\/\/autoescolajb.com.br\/2024\/wp-json\/wp\/v2\/pages\/553\/revisions"}],"predecessor-version":[{"id":1839,"href":"https:\/\/autoescolajb.com.br\/2024\/wp-json\/wp\/v2\/pages\/553\/revisions\/1839"}],"up":[{"embeddable":true,"href":"https:\/\/autoescolajb.com.br\/2024\/wp-json\/wp\/v2\/pages\/541"}],"wp:attachment":[{"href":"https:\/\/autoescolajb.com.br\/2024\/wp-json\/wp\/v2\/media?parent=553"}],"curies":[{"name":"wp","href":"https:\/\/api.w.org\/{rel}","templated":true}]}}