{"id":535,"date":"2022-06-02T12:55:13","date_gmt":"2022-06-02T12:55:13","guid":{"rendered":"http:\/\/fastwpdemo.com\/newwp\/udrive\/?page_id=535"},"modified":"2024-06-30T18:33:27","modified_gmt":"2024-06-30T18:33:27","slug":"faqs","status":"publish","type":"page","link":"https:\/\/autoescolajb.com.br\/2024\/faqs\/","title":{"rendered":"Faq\u2019s"},"content":{"rendered":"\t\t<div data-elementor-type=\"wp-page\" data-elementor-id=\"535\" class=\"elementor elementor-535\" data-elementor-post-type=\"page\">\n\t\t\t\t\t\t<section class=\"elementor-section elementor-top-section elementor-element elementor-element-c278b6d elementor-section-full_width elementor-section-height-default elementor-section-height-default\" data-id=\"c278b6d\" data-element_type=\"section\">\n\t\t\t\t\t\t<div class=\"elementor-container elementor-column-gap-default\">\n\t\t\t\t\t<div class=\"elementor-column elementor-col-100 elementor-top-column elementor-element elementor-element-db50d78\" data-id=\"db50d78\" data-element_type=\"column\">\n\t\t\t<div class=\"elementor-widget-wrap elementor-element-populated\">\n\t\t\t\t\t\t<div class=\"elementor-element elementor-element-4f1590a elementor-widget elementor-widget-udrive_our_faqs\" data-id=\"4f1590a\" data-element_type=\"widget\" data-widget_type=\"udrive_our_faqs.default\">\n\t\t\t\t<div class=\"elementor-widget-container\">\n\t\t\t\t\t   \n     \n     \n     \n        <!-- faq-page-section -->\n        <section class=\"faq-page-section\">\n            <div class=\"auto-container\">\n                <div class=\"upper-box\">\n                    <span class=\"big-text\">q&amp;a<\/span>                    <div class=\"sec-title\"><h2>Tire aqui as suas d\u00favidas.<\/h2><\/div>                                      <div class=\"form-inner\">\n                        <form action=\"faq.html\" method=\"post\">\n                            <div class=\"form-group\">\n                                <input type=\"search\" name=\"s\" value=\"\" placeholder=\"Search question...\" required=\"\">\n                                <button type=\"submit\"><i class=\"flaticon-search\"><\/i><\/button>\n                            <\/div>\n                        <\/form>\n                    <\/div>\n                                    <\/div>\n                <div class=\"accordion-inner\">\n                    <ul class=\"accordion-box\">\n                                                <li class=\"accordion block active-block\">\n                            <div class=\"acc-btn active\">\n                                <div class=\"icon-outer\"><\/div>\n                                <h4><span>q:<\/span>Existe aurtoriza\u00e7\u00e3o\/emancipa\u00e7\u00e3o para tirar a CNH antes de completar 18 anos?<\/h4>\n                            <\/div>\n                            <div class=\"acc-content current\">\n                                <div class=\"text\">\n                                    <p><span>a:<\/span>\nN\u00e3o h\u00e1 no C\u00f3digo de Tr\u00e2nsito Brasileiro nenhuma possibilidade de tirar a CNH antes de completar 18 anos de idade.\n<\/p>\n                                <\/div>\n                            <\/div>\n                        <\/li>\n                                               <li class=\"accordion block \">\n                            <div class=\"acc-btn \">\n                                <div class=\"icon-outer\"><\/div>\n                                <h4><span>q:<\/span>Tenho habilita\u00e7\u00e3o e gostaria de praticar algumas aulas de dire\u00e7\u00e3o, como fa\u00e7o?<\/h4>\n                            <\/div>\n                            <div class=\"acc-content \">\n                                <div class=\"text\">\n                                    <p><span>a:<\/span>\nVoc\u00ea poder\u00e1 fazer aulas avulsas. Contamos com uma equipe de instrutores especializados em aulas para pessoas habilita.\n<\/p>\n                                <\/div>\n                            <\/div>\n                        <\/li>\n                                               <li class=\"accordion block \">\n                            <div class=\"acc-btn \">\n                                <div class=\"icon-outer\"><\/div>\n                                <h4><span>q:<\/span>Durante o per\u00edodo da permiss\u00e3o para dirigir, n\u00e3o posso cometer nenhuma infra\u00e7\u00e3o?<\/h4>\n                            <\/div>\n                            <div class=\"acc-content \">\n                                <div class=\"text\">\n                                    <p><span>a:<\/span>\nDe acordo com o artigo 148 do C\u00f3digo de Tr\u00e2nsito Brasileiro, os exames de habilita\u00e7\u00e3o, exceto os de dire\u00e7\u00e3o veicular, poder\u00e3o ser aplicados por entidades p\u00fablicas ou privadas credenciadas pelo \u00f3rg\u00e3o executivo de tr\u00e2nsito dos Estados e do Distrito Federal, de acordo com as normas estabelecidas pelo CONTRAN.\n\nA Carteira Nacional de Habilita\u00e7\u00e3o ser\u00e1 conferida ao condutor no t\u00e9rmino de um ano, desde que o mesmo n\u00e3o tenha cometido nenhuma infra\u00e7\u00e3o de natureza grave ou grav\u00edssima ou seja reincidente em infra\u00e7\u00e3o m\u00e9dia.<\/p>\n                                <\/div>\n                            <\/div>\n                        <\/li>\n                                               <li class=\"accordion block \">\n                            <div class=\"acc-btn \">\n                                <div class=\"icon-outer\"><\/div>\n                                <h4><span>q:<\/span>Durante quanto tempo os pontos de minha CNH permanecem no sistema? Passado algum tempo, eles n\u00e3o perdem a validade?<\/h4>\n                            <\/div>\n                            <div class=\"acc-content \">\n                                <div class=\"text\">\n                                    <p><span>a:<\/span>\nOs pontos n\u00e3o saem do sistema. Permanecem no cadastro, mas perdem a efic\u00e1cia para fins de pontua\u00e7\u00e3o, decorridos 12 meses da data da notifica\u00e7\u00e3o. Exceto algumas multas grav\u00edssimas (7 pontos), que por si s\u00f3 s\u00e3o suspensivas, independente da data e s\u00f3 sair\u00e3o de prontu\u00e1rio ap\u00f3s o cumprimento das penalidades impostas pela Lei.<\/p>\n                                <\/div>\n                            <\/div>\n                        <\/li>\n                                               <li class=\"accordion block \">\n                            <div class=\"acc-btn \">\n                                <div class=\"icon-outer\"><\/div>\n                                <h4><span>q:<\/span>Em at\u00e9 quanto tempo posso efetuar a transfer\u00eancia de pontua\u00e7\u00e3o da minha CNH?<\/h4>\n                            <\/div>\n                            <div class=\"acc-content \">\n                                <div class=\"text\">\n                                    <p><span>a:<\/span>\nNo caso de transfer\u00eancia de pontua\u00e7\u00e3o, a indica\u00e7\u00e3o do condutor deve ser encaminhada no prazo de 15 dias a contar da data da notifica\u00e7\u00e3o. Decorrido este prazo, a pontua\u00e7\u00e3o \u00e9 inserida no prontu\u00e1rio do propriet\u00e1rio do ve\u00edculo.<\/p>\n                                <\/div>\n                            <\/div>\n                        <\/li>\n                                               <li class=\"accordion block \">\n                            <div class=\"acc-btn \">\n                                <div class=\"icon-outer\"><\/div>\n                                <h4><span>q:<\/span>Quais s\u00e3o as categorias que um motorista pode se habilitar?<\/h4>\n                            <\/div>\n                            <div class=\"acc-content \">\n                                <div class=\"text\">\n                                    <p><span>a:<\/span>\nSegundo o CTB (C\u00f3digo de Tr\u00e2nsito Brasileiro), Art. 143, os motoristas podem habilitar-se em cinco categorias distintas (A, B, C, D, E) desde que obede\u00e7am as grada\u00e7\u00f5es correspondentes.\n\nCategoria A \u2013 condutor de ve\u00edculo motorizado de duas ou tr\u00eas rodas, com ou sem carro lateral;\n\nCategoria B \u2013 condutor de ve\u00edculo motorizado, n\u00e3o abrangido pela categoria A, cujo peso bruto total n\u00e3o exceda a tr\u00eas mil e quinhentos quilogramas e cuja lota\u00e7\u00e3o n\u00e3o exceda a oito lugares, exclu\u00eddo o do motorista;\n\nCategoria C \u2013 condutor de ve\u00edculo motorizado utilizado em transporte de carga, cujo peso bruto total exceda a tr\u00eas mil e quinhentos quilogramas;\n\nCategoria D \u2013 condutor de ve\u00edculo motorizado utilizado no transporte de passageiros, cuja lota\u00e7\u00e3o exceda a oito lugares, exclu\u00eddo o do motorista;\n\nCategoria E \u2013 condutor de combina\u00e7\u00e3o de ve\u00edculos em que a unidade tratora se enquadre nas categorias B, C ou D e cuja unidade acoplada, reboque, semirreboque, trailer ou articulada tenha 6.000 kg (seis mil quilogramas) ou mais de peso bruto total, ou cuja lota\u00e7\u00e3o exceda a 8 (oito) lugares.<\/p>\n                                <\/div>\n                            <\/div>\n                        <\/li>\n                                           <\/ul>\n                <\/div>\n            <\/div>\n        <\/section>\n        <!-- faq-page-section end -->\n     \n             \n        \t\t<\/div>\n\t\t\t\t<\/div>\n\t\t\t\t\t<\/div>\n\t\t<\/div>\n\t\t\t\t\t<\/div>\n\t\t<\/section>\n\t\t\t\t<\/div>\n\t\t","protected":false},"excerpt":{"rendered":"<p>q&amp;a Tire aqui as suas d\u00favidas. q:Existe aurtoriza\u00e7\u00e3o\/emancipa\u00e7\u00e3o para tirar a CNH antes de completar 18 anos? a: N\u00e3o h\u00e1 no C\u00f3digo de Tr\u00e2nsito Brasileiro nenhuma possibilidade de tirar a CNH antes de completar 18 anos de idade. q:Tenho habilita\u00e7\u00e3o e gostaria de praticar algumas aulas de dire\u00e7\u00e3o, como fa\u00e7o? a: Voc\u00ea poder\u00e1 fazer aulas [&hellip;]<\/p>\n","protected":false},"author":1,"featured_media":0,"parent":0,"menu_order":0,"comment_status":"closed","ping_status":"closed","template":"tpl-default-elementor.php","meta":{"footnotes":""},"class_list":["post-535","page","type-page","status-publish","hentry"],"_links":{"self":[{"href":"https:\/\/autoescolajb.com.br\/2024\/wp-json\/wp\/v2\/pages\/535","targetHints":{"allow":["GET"]}}],"collection":[{"href":"https:\/\/autoescolajb.com.br\/2024\/wp-json\/wp\/v2\/pages"}],"about":[{"href":"https:\/\/autoescolajb.com.br\/2024\/wp-json\/wp\/v2\/types\/page"}],"author":[{"embeddable":true,"href":"https:\/\/autoescolajb.com.br\/2024\/wp-json\/wp\/v2\/users\/1"}],"replies":[{"embeddable":true,"href":"https:\/\/autoescolajb.com.br\/2024\/wp-json\/wp\/v2\/comments?post=535"}],"version-history":[{"count":3,"href":"https:\/\/autoescolajb.com.br\/2024\/wp-json\/wp\/v2\/pages\/535\/revisions"}],"predecessor-version":[{"id":2025,"href":"https:\/\/autoescolajb.com.br\/2024\/wp-json\/wp\/v2\/pages\/535\/revisions\/2025"}],"wp:attachment":[{"href":"https:\/\/autoescolajb.com.br\/2024\/wp-json\/wp\/v2\/media?parent=535"}],"curies":[{"name":"wp","href":"https:\/\/api.w.org\/{rel}","templated":true}]}}