{"id":1859,"date":"2024-06-17T02:11:54","date_gmt":"2024-06-17T02:11:54","guid":{"rendered":"https:\/\/autoescolajb.com.br\/2024\/?page_id=1859"},"modified":"2024-06-17T02:42:06","modified_gmt":"2024-06-17T02:42:06","slug":"habilitacao-para-estrangeiro","status":"publish","type":"page","link":"https:\/\/autoescolajb.com.br\/2024\/habilitacao-para-estrangeiro\/","title":{"rendered":"Habilita\u00e7\u00e3o para estrangeiro"},"content":{"rendered":"<p>[vc_row][vc_column][vc_column_text]<\/p>\n<h4>Atrav\u00e9s de nosso Despachante: CNH para Estrangeiros<\/h4>\n<p>&nbsp;<\/p>\n<p>Os procedimentos para os estrangeiros dirigirem no Brasil s\u00e3o divididos em 2 grupos: os que s\u00e3o de pa\u00edses que fazem parte da Conven\u00e7\u00e3o de Viena (vide abaixo) e os que n\u00e3o fazem parte.<\/p>\n<p>&nbsp;<\/p>\n<p>A maior mudan\u00e7a aconteceu em janeiro de 2009 quando o DETRAN\/SP passou a exigir dos candidatos vindos dos pa\u00edses que n\u00e3o fazem parte da Conven\u00e7\u00e3o de Viena (ex. Jap\u00e3o, China, \u00cdndia, L\u00edbano), al\u00e9m dos exames m\u00e9dico e psicot\u00e9cnico em cl\u00ednica credenciada, tamb\u00e9m o exame pr\u00e1tico de dire\u00e7\u00e3o com as mesmas regras aplicadas aos brasileiros.<\/p>\n<p>&nbsp;<\/p>\n<p><b>DOCUMENTA\u00c7\u00c3O PARA ESTRANGEIROS DE PA\u00cdSES N\u00c3O INCLU\u00cdDOS\u00a0NA CONVEN\u00c7\u00c3O DE VIENA OU NO PRINC\u00cdPIO DE RECIPROCIDADE<\/b><\/p>\n<p>&nbsp;<\/p>\n<p><strong>Primeira Habilita\u00e7\u00e3o de Estrangeiro no Brasil<\/strong><\/p>\n<ul>\n<li>Original da carteira de motorista v\u00e1lida no pa\u00eds de origem (somente para apresenta\u00e7\u00e3o);<\/li>\n<li>Original da tradu\u00e7\u00e3o juramentada da carteira de habilita\u00e7\u00e3o;<\/li>\n<li>C\u00f3pia autenticada ou original + c\u00f3pia simples \u2013 CPF;<\/li>\n<li>RNE ou protocolo;<\/li>\n<li>Comprovante de resid\u00eancia.<\/li>\n<\/ul>\n<p>&nbsp;<\/p>\n<p>Obs.: em caso de protocolo \u00e9 necess\u00e1ria a certid\u00e3o original da Policia Federal com validade de perman\u00eancia<\/p>\n<p>&nbsp;<\/p>\n<p><strong>Exames:<\/strong><\/p>\n<ul>\n<li>m\u00e9dico e psicot\u00e9cnico<\/li>\n<li>pr\u00e1tica dire\u00e7\u00e3o veicular<\/li>\n<\/ul>\n<p>&nbsp;<\/p>\n<p><strong>Renova\u00e7\u00e3o Licen\u00e7a para Estrangeiro:<\/strong><\/p>\n<ul>\n<li>Original da licen\u00e7a vencida (azul);<\/li>\n<li>C\u00f3pia autenticada ou original + c\u00f3pia simples \u2013 CPF;<\/li>\n<li>RNE ou protocolo;<\/li>\n<li>Comprovante de resid\u00eancia.<\/li>\n<\/ul>\n<p>&nbsp;<\/p>\n<p>Obs.: em caso de protocolo \u00e9 necess\u00e1ria a certid\u00e3o original da Policia Federal com validade de perman\u00eancia.<\/p>\n<p>&nbsp;<\/p>\n<p><strong>Exames:<\/strong><\/p>\n<ul>\n<li>M\u00e9dico e psicot\u00e9cnico;<\/li>\n<li>Pr\u00e1tica dire\u00e7\u00e3o veicular.<\/li>\n<\/ul>\n<p>&nbsp;<\/p>\n<p><b>DOCUMENTA\u00c7\u00c3O PARA ESTRANGEIROS DE PA\u00cdSES INCLU\u00cdDOS\u00a0NA CONVEN\u00c7\u00c3O DE VIENA OU NO PRINC\u00cdPIO DE RECIPROCIDADE.<\/b><\/p>\n<p>&nbsp;<\/p>\n<p>Estrangeiro PERMANENTE \u2013 Primeira Habilita\u00e7\u00e3o.<\/p>\n<ul>\n<li>Original carteira de motorista v\u00e1lida no pa\u00eds de origem (somente para apresenta\u00e7\u00e3o);<\/li>\n<li>Original da tradu\u00e7\u00e3o juramentada da carteira de habilita\u00e7\u00e3o;<\/li>\n<li>C\u00f3pia autenticada ou original + c\u00f3pia simples \u2013 CPF;<\/li>\n<li>RNE ou protocolo;<\/li>\n<li>Comprovante de resid\u00eancia.<\/li>\n<\/ul>\n<p>&nbsp;<\/p>\n<p>Obs. 1 \u2013 n\u00e3o \u00e9 necess\u00e1rio exame de dire\u00e7\u00e3o.<br \/>\nObs. 2 \u2013 ser\u00e1 concedida uma Permiss\u00e3o para dirigir<br \/>\nObs. 3 \u2013 se a habilita\u00e7\u00e3o do condutor estiver pr\u00f3xima \u00e0 data do vencimento, o mesmo dever\u00e1 realizar exames m\u00e9dico e psicot\u00e9cnico em qualquer cl\u00ednica CREDENCIADA pelo DETRAN.<\/p>\n<p>&nbsp;<\/p>\n<p><strong>Renova\u00e7\u00e3o da Licen\u00e7a para Estrangeiro.<\/strong><\/p>\n<ul>\n<li>Original da licen\u00e7a vencida;<\/li>\n<li>C\u00f3pia autenticada ou original + c\u00f3pia simples \u2013 CPF;<\/li>\n<li>RNE ou protocolo;<\/li>\n<li>Comprovante de resid\u00eancia.<\/li>\n<\/ul>\n<p>&nbsp;<\/p>\n<p>Obs.: 1 \u2013 n\u00e3o \u00e9 necess\u00e1rio exame de dire\u00e7\u00e3o.<br \/>\nObs. :2 \u2013 s\u00e3o necess\u00e1rios exames m\u00e9dico e psicot\u00e9cnico.<\/p>\n<p>&nbsp;<\/p>\n<p><strong>Estrangeiro Dirigindo no Brasil<\/strong><\/p>\n<p>PROCEDIMENTO PARA TURISTA OU TEMPOR\u00c1RIO DE PA\u00cdSES INCLU\u00cdDOS NA CONVEN\u00c7\u00c3O DE VIENA OU NO PRINC\u00cdPIO DE RECIPROCIDADE.<\/p>\n<p>&nbsp;<\/p>\n<p>O condutor poder\u00e1 dirigir com a Carteira Nacional de Habilita\u00e7\u00e3o do pa\u00eds de origem, dentro do prazo de validade e acompanhada do documento de identifica\u00e7\u00e3o no prazo m\u00e1ximo de 180 dias a partir da data de entrada no Brasil.<\/p>\n<p>&nbsp;<\/p>\n<p>* Ver abaixo os pa\u00edses que fazem parte do Acordo de Viena.<br \/>\n* Se o condutor possuir a Carteira Internacional de Habilita\u00e7\u00e3o (dentro do prazo de validade), e se for turista ou tempor\u00e1rio, o mesmo ser\u00e1 isento das taxas, devendo comparecer no Setor de Atendimento ao Estrangeiro com os documentos pessoais acima citados e passaporte.<\/p>\n<p>&nbsp;<\/p>\n<p><strong>AP\u00d3S OS 180 DIAS<\/strong><\/p>\n<p>* Original e c\u00f3pia do R.N.E permanente ou tempor\u00e1rio.<br \/>\n* Original e c\u00f3pia do CPF.<br \/>\n* C\u00f3pia e original (para simples confer\u00eancia) do comprovante de resid\u00eancia emitido at\u00e9 3 (tr\u00eas) meses imediatamente anteriores \u00e0 data da solicita\u00e7\u00e3o realizada pelo interessado, que poder\u00e1 ser extrato banc\u00e1rio, conta de luz, g\u00e1s, telefone, condom\u00ednio, IPTU; se o comprovante de endere\u00e7o n\u00e3o estiver em nome do interessado o mesmo dever\u00e1 apresenta tamb\u00e9m uma declara\u00e7\u00e3o de pr\u00f3prio punho do propriet\u00e1rio do im\u00f3vel, com firma reconhecida. O comprovante de endere\u00e7o ser\u00e1 aceito em nome de terceiros somente se for pais ou filhos do interessado, o que ser\u00e1 comprovado atrav\u00e9s da c\u00f3pia do RG., ou de c\u00f4njuge comprovado atrav\u00e9s da c\u00f3pia da certid\u00e3o de casamento.<br \/>\n* Original e c\u00f3pia da CNH (Carteira Nacional de Habilita\u00e7\u00e3o) estrangeira v\u00e1lida.<br \/>\n* Original e c\u00f3pia da tradu\u00e7\u00e3o da CNH (Carteira Nacional de Habilita\u00e7\u00e3o) feita por tradutor p\u00fablico juramentado.<\/p>\n<p>&nbsp;<\/p>\n<p><strong>CONVEN\u00c7\u00c3O DE VIENA:<\/strong><br \/>\n\u00c1frica do Sul, Alb\u00e2nia, Alemanha, Angola, Arg\u00e9lia, Argentina, Austr\u00e1lia, \u00c1ustria, Azerbaidj\u00e3o, Bahamas, Baren, Belarus (Bielo-Russia), B\u00e9lgica, Bol\u00edvia, B\u00f3snia-Herzegovina, Bulg\u00e1ria, Cabo Verde, Cazaquist\u00e3o, Chile, Cingapura, Col\u00f4mbia, Cor\u00e9ia do Sul, Costa do Marfim, Costa Rica, Cro\u00e1cia, Cuba, Dinamarca, El Salvador, Equador, Eslov\u00e1quia, Eslov\u00eania, Espanha, EUA, Est\u00f4nia, Federa\u00e7\u00e3o Russa, Filipinas, Finl\u00e2ndia, Fran\u00e7a, Gab\u00e3o, Gana, Ge\u00f3rgia, Gr\u00e9cia, Guatemala, Guiana, Guin\u00e9-Bissau, Haiti, Holanda, Honduras, Hungria, Indon\u00e9sia, Ir\u00e3, Israel, It\u00e1lia, Kuait, Let\u00f4nia, L\u00edbia, Litu\u00e2nia, Luxemburgo, Maced\u00f4nia, Marrocos, M\u00e9xico, Moudavia, M\u00f4naco, Mong\u00f3lia, Nam\u00edbia, Nicar\u00e1gua, Nig\u00e9ria, Noruega, Nova Zel\u00e2ndia, Panam\u00e1, Paquist\u00e3o, Paraguai, Peru, Pol\u00f4nia, Portugal, Reino Unido (Inglaterra, Irlanda do Norte, Esc\u00f3cia e Pa\u00eds de Gales), Rep\u00fablica Centro-Africana, Rep\u00fablica Democr\u00e1tica do Congo, Rep\u00fablica Checa, Rep\u00fablica Dominicana, Rom\u00eania, San Marino, S\u00e3o Tom\u00e9 e Pr\u00edncipe, Seichelles, Senegal, Servia e Monte Negro, Su\u00e9cia, Su\u00ed\u00e7a, Tadjiquist\u00e3o, Tun\u00edsia, Turcomenist\u00e3o, Ucr\u00e2nia, Uruguai, Uzbequist\u00e3o, Venezuela e Zimbabue.<\/p>\n<p>&nbsp;<\/p>\n<p><strong>PRINC\u00cdPIO DE RECIPROCIDADE:<\/strong><br \/>\nAngola, Arg\u00e9lia, Austr\u00e1lia, Canad\u00e1, Cabo Verde, Cingapura, Col\u00f4mbia, Cor\u00e9ia do Sul, Costa Rica, El Salvador, Equador, EUA, Gab\u00e3o, Gana, Guatemala, Guin\u00e9-Bissau, Haiti, Holanda, Honduras, Indon\u00e9sia, L\u00edbia, M\u00e9xico, Nam\u00edbia, Nicar\u00e1gua, Nova Zel\u00e2ndia, Panam\u00e1, Portugal, Reino Unido (Inglaterra, Irlanda do Norte, Esc\u00f3cia e Pa\u00eds de Gales), Rep\u00fablica Dominicana, S\u00e3o Tom\u00e9 e Pr\u00edncipe e Venezuela.<br \/>\nImprima este Procedimento<\/p>\n<p>&nbsp;<\/p>\n<p><strong>Brasileiro com Carteira de Habilita\u00e7\u00e3o no Estrangeiro<\/strong><br \/>\nProcedimento:<br \/>\n* O condutor deve ter 18 anos completos.<br \/>\n* Original e c\u00f3pia da Carteira de Habilita\u00e7\u00e3o do condutor expedida em outro pa\u00eds, dentro do prazo de validade.<br \/>\n* Original e c\u00f3pia do RG (identidade brasileira).<br \/>\n* Original e c\u00f3pia do CPF.<br \/>\n* Original e c\u00f3pia do passaporte, (dados pessoais e vistos entrada\/sa\u00edda do pa\u00eds que foi habilitado), ou identidade do pa\u00eds de origem.<br \/>\n* C\u00f3pia e original (para simples confer\u00eancia) do comprovante de resid\u00eancia emitido at\u00e9 3 (tr\u00eas) meses imediatamente anteriores \u00e0 data da solicita\u00e7\u00e3o realizada pelo interessado, que poder\u00e1 ser extrato banc\u00e1rio, conta de luz, g\u00e1s, telefone, condom\u00ednio, IPTU.Se o comprovante de endere\u00e7o n\u00e3o estiver em nome do interessado o mesmo dever\u00e1 apresenta tamb\u00e9m uma declara\u00e7\u00e3o de pr\u00f3prio punho do propriet\u00e1rio do im\u00f3vel, com firma reconhecida. O comprovante de endere\u00e7o ser\u00e1 aceito em nome de terceiros somente se for pais ou filhos do interessado, o que ser\u00e1 comprovado atrav\u00e9s da c\u00f3pia do RG., ou de c\u00f4njuge comprovado atrav\u00e9s da c\u00f3pia da certid\u00e3o de casamento.<br \/>\n* 1 foto 3\u00d74 recente e colorida com fundo branco.<br \/>\n* Tradu\u00e7\u00e3o da Carteira de Habilita\u00e7\u00e3o do condutor por um tradutor p\u00fablico juramentado ou pelo consulado do pa\u00eds que expediu a habilita\u00e7\u00e3o.<\/p>\n<p>[\/vc_column_text][\/vc_column][\/vc_row][vc_row][vc_column][\/vc_column][\/vc_row]<\/p>\n<!-- \/wp:post-content -->","protected":false},"excerpt":{"rendered":"<p>[vc_row][vc_column][vc_column_text] Atrav\u00e9s de nosso Despachante: CNH para Estrangeiros &nbsp; Os procedimentos para os estrangeiros dirigirem no Brasil s\u00e3o divididos em 2 grupos: os que s\u00e3o de pa\u00edses que fazem parte da Conven\u00e7\u00e3o de Viena (vide abaixo) e os que n\u00e3o fazem parte. &nbsp; A maior mudan\u00e7a aconteceu em janeiro de 2009 quando o DETRAN\/SP passou [&hellip;]<\/p>\n","protected":false},"author":2,"featured_media":0,"parent":0,"menu_order":0,"comment_status":"closed","ping_status":"closed","template":"","meta":{"footnotes":""},"class_list":["post-1859","page","type-page","status-publish","hentry"],"_links":{"self":[{"href":"https:\/\/autoescolajb.com.br\/2024\/wp-json\/wp\/v2\/pages\/1859","targetHints":{"allow":["GET"]}}],"collection":[{"href":"https:\/\/autoescolajb.com.br\/2024\/wp-json\/wp\/v2\/pages"}],"about":[{"href":"https:\/\/autoescolajb.com.br\/2024\/wp-json\/wp\/v2\/types\/page"}],"author":[{"embeddable":true,"href":"https:\/\/autoescolajb.com.br\/2024\/wp-json\/wp\/v2\/users\/2"}],"replies":[{"embeddable":true,"href":"https:\/\/autoescolajb.com.br\/2024\/wp-json\/wp\/v2\/comments?post=1859"}],"version-history":[{"count":3,"href":"https:\/\/autoescolajb.com.br\/2024\/wp-json\/wp\/v2\/pages\/1859\/revisions"}],"predecessor-version":[{"id":1864,"href":"https:\/\/autoescolajb.com.br\/2024\/wp-json\/wp\/v2\/pages\/1859\/revisions\/1864"}],"wp:attachment":[{"href":"https:\/\/autoescolajb.com.br\/2024\/wp-json\/wp\/v2\/media?parent=1859"}],"curies":[{"name":"wp","href":"https:\/\/api.w.org\/{rel}","templated":true}]}}