{"id":1679,"date":"2024-06-16T18:43:02","date_gmt":"2024-06-16T18:43:02","guid":{"rendered":"https:\/\/autoescolajb.com.br\/2024\/?page_id=1679"},"modified":"2024-06-17T02:00:18","modified_gmt":"2024-06-17T02:00:18","slug":"medo-de-diritgir","status":"publish","type":"page","link":"https:\/\/autoescolajb.com.br\/2024\/medo-de-diritgir\/","title":{"rendered":"Medo de Diritgir"},"content":{"rendered":"<p>[vc_row][vc_column][vc_column_text]<\/p>\n<h2>Medo de dirigir? Trauma no volante? Temos a solu\u00e7\u00e3o para voc\u00ea!<\/h2>\n<p><!-- \/wp:post-content -->\u00a0<\/p>\n<!-- wp:quote -->\n<blockquote class=\"wp-block-quote\">\n<p>Estas aulas s\u00e3o especiais, nelas trabalhamos a t\u00e9cnica do dirigir de forma adequada e segura, bem como t\u00e9cnicas de dire\u00e7\u00e3o defensiva. Tem como objetivo desenvolver no cliente a consci\u00eancia de ser um bom motorista, cauteloso e habilidoso, tornando-o, dessa forma, mais capacitado para enfrentar o tr\u00e2nsito.<\/p>\n<\/blockquote>\n<p>Nossos instrutores possuem mais de dez anos de experi\u00eancia na arte de ensinar e de aperfei\u00e7oar motoristas. Investimos sempre em novas tecnologias e na atualiza\u00e7\u00e3o de nossa frota. O resultado desse trabalho est\u00e1 no alto \u00edndice de motoristas que voltam a dirigir e o melhor, sem medo.<\/p>\n<p><!-- \/wp:quote -->\u00a0<\/p>\n<!-- wp:quote -->\n<blockquote class=\"wp-block-quote\">\n<p>Cada aula pr\u00e1tica tem dura\u00e7\u00e3o de 45 minutos e s\u00e3o realizadas em nossos ve\u00edculos novos e modernos \u00a0e com dire\u00e7\u00e3o hidr\u00e1ulica e ar condicionado.<\/p>\n<\/blockquote>\n<h4>Perca o medo de dirigir. marque <span style=\"color: #ff0000;\">AGORA<\/span> a sua avalia\u00e7\u00e3o!<\/h4>\n<!--more-->\n<p>[\/vc_column_text][vc_btn title=&#8221;Agendar Avalia\u00e7\u00e3o&#8221; style=&#8221;gradient&#8221; gradient_color_1=&#8221;juicy-pink&#8221; gradient_color_2=&#8221;black&#8221; size=&#8221;lg&#8221; align=&#8221;center&#8221; link=&#8221;url:https%3A%2F%2Fapi.whatsapp.com%2Fsend%3Fphone%3D551123628908%26text%3DA%2520melhor%2520op%25C3%25A7%25C3%25A3o%2520de%2520autoescola%2520da%2520zona%2520norte.||target:%20_blank|&#8221;][\/vc_column][\/vc_row][vc_row][vc_column][vc_single_image image=&#8221;1685&#8243; img_size=&#8221;full&#8221;][\/vc_column][\/vc_row][vc_row][vc_column][vc_separator border_width=&#8221;10&#8243;][\/vc_column][\/vc_row][vc_row][vc_column][vc_single_image image=&#8221;1690&#8243; img_size=&#8221;full&#8221; alignment=&#8221;center&#8221; onclick=&#8221;custom_link&#8221; img_link_target=&#8221;_blank&#8221; link=&#8221;https:\/\/api.whatsapp.com\/send?phone=551123628908&amp;text=A%20melhor%20op%C3%A7%C3%A3o%20de%20autoescola%20da%20zona%20norte.&#8221;][\/vc_column][\/vc_row]<\/p>\n","protected":false},"excerpt":{"rendered":"<p>[vc_row][vc_column][vc_column_text] Medo de dirigir? Trauma no volante? Temos a solu\u00e7\u00e3o para voc\u00ea! \u00a0 Estas aulas s\u00e3o especiais, nelas trabalhamos a t\u00e9cnica do dirigir de forma adequada e segura, bem como t\u00e9cnicas de dire\u00e7\u00e3o defensiva. Tem como objetivo desenvolver no cliente a consci\u00eancia de ser um bom motorista, cauteloso e habilidoso, tornando-o, dessa forma, mais capacitado [&hellip;]<\/p>\n","protected":false},"author":2,"featured_media":0,"parent":0,"menu_order":0,"comment_status":"closed","ping_status":"closed","template":"","meta":{"footnotes":""},"class_list":["post-1679","page","type-page","status-publish","hentry"],"_links":{"self":[{"href":"https:\/\/autoescolajb.com.br\/2024\/wp-json\/wp\/v2\/pages\/1679","targetHints":{"allow":["GET"]}}],"collection":[{"href":"https:\/\/autoescolajb.com.br\/2024\/wp-json\/wp\/v2\/pages"}],"about":[{"href":"https:\/\/autoescolajb.com.br\/2024\/wp-json\/wp\/v2\/types\/page"}],"author":[{"embeddable":true,"href":"https:\/\/autoescolajb.com.br\/2024\/wp-json\/wp\/v2\/users\/2"}],"replies":[{"embeddable":true,"href":"https:\/\/autoescolajb.com.br\/2024\/wp-json\/wp\/v2\/comments?post=1679"}],"version-history":[{"count":13,"href":"https:\/\/autoescolajb.com.br\/2024\/wp-json\/wp\/v2\/pages\/1679\/revisions"}],"predecessor-version":[{"id":1852,"href":"https:\/\/autoescolajb.com.br\/2024\/wp-json\/wp\/v2\/pages\/1679\/revisions\/1852"}],"wp:attachment":[{"href":"https:\/\/autoescolajb.com.br\/2024\/wp-json\/wp\/v2\/media?parent=1679"}],"curies":[{"name":"wp","href":"https:\/\/api.w.org\/{rel}","templated":true}]}}